{"id":103,"date":"2020-06-07T14:44:01","date_gmt":"2020-06-07T14:44:01","guid":{"rendered":"http:\/\/apfelsaftstuebl.de\/?page_id=103"},"modified":"2020-08-13T20:17:06","modified_gmt":"2020-08-13T20:17:06","slug":"ueber-uns","status":"publish","type":"page","link":"https:\/\/apfelsaftstuebl.de\/?page_id=103","title":{"rendered":"\u00dcber uns"},"content":{"rendered":"\n<p>Sie haben noch nie von uns geh\u00f6rt ? &#8211; Dann m\u00fcssen Sie uns unbedingt kennenlernen!<\/p>\n\n\n\n<p>Wir sind eine kleine familienbetriebene Lohnmosterei auf unserem Hof im beschaulichen \u00d6rtchen Neukirchen im Erzgebirge, die Ihnen Sauberkeit und Qualit\u00e4t bei der Verarbeitung Ihrer Fr\u00fcchte garantiert.<\/p>\n\n\n\n<p>Unser Antrieb ist die Wertsch\u00e4tzung der Natur, deren kostbaren Fr\u00fcchte zu nutzen und zu k\u00f6stlichem und vorallem naturbelassenem Saft zu verarbeiten. <\/p>\n\n\n\n<p>Die heimischen Streuobstwiesen und damit auch traditionelle Obstsorten zu erhalten als auch deren Anbau zu f\u00f6rdern ist dabei oberstes Ziel.<\/p>\n\n\n\n<p>Damit dieses Gut noch f\u00fcr viele Generationen erhalten bleibt &#8211; ein wertvoller Beitrag f\u00fcr die Natur !<\/p>\n\n\n\n<p><\/p>\n","protected":false},"excerpt":{"rendered":"<p>Sie haben noch nie von uns geh\u00f6rt ? &#8211; Dann m\u00fcssen Sie uns unbedingt kennenlernen! Wir sind eine kleine familienbetriebene Lohnmosterei auf unserem Hof im beschaulichen \u00d6rtchen Neukirchen im Erzgebirge, die Ihnen Sauberkeit und Qualit\u00e4t bei der Verarbeitung Ihrer Fr\u00fcchte garantiert. Unser Antrieb ist die Wertsch\u00e4tzung der Natur, deren kostbaren Fr\u00fcchte zu nutzen und zu &hellip; <\/p>\n<p class=\"link-more\"><a href=\"https:\/\/apfelsaftstuebl.de\/?page_id=103\" class=\"more-link\"><span class=\"screen-reader-text\">\u201e\u00dcber uns\u201c<\/span> weiterlesen<\/a><\/p>\n","protected":false},"author":1,"featured_media":0,"parent":0,"menu_order":0,"comment_status":"closed","ping_status":"closed","template":"","meta":{"footnotes":""},"class_list":["post-103","page","type-page","status-publish","hentry"],"_links":{"self":[{"href":"https:\/\/apfelsaftstuebl.de\/index.php?rest_route=\/wp\/v2\/pages\/103","targetHints":{"allow":["GET"]}}],"collection":[{"href":"https:\/\/apfelsaftstuebl.de\/index.php?rest_route=\/wp\/v2\/pages"}],"about":[{"href":"https:\/\/apfelsaftstuebl.de\/index.php?rest_route=\/wp\/v2\/types\/page"}],"author":[{"embeddable":true,"href":"https:\/\/apfelsaftstuebl.de\/index.php?rest_route=\/wp\/v2\/users\/1"}],"replies":[{"embeddable":true,"href":"https:\/\/apfelsaftstuebl.de\/index.php?rest_route=%2Fwp%2Fv2%2Fcomments&post=103"}],"version-history":[{"count":7,"href":"https:\/\/apfelsaftstuebl.de\/index.php?rest_route=\/wp\/v2\/pages\/103\/revisions"}],"predecessor-version":[{"id":300,"href":"https:\/\/apfelsaftstuebl.de\/index.php?rest_route=\/wp\/v2\/pages\/103\/revisions\/300"}],"wp:attachment":[{"href":"https:\/\/apfelsaftstuebl.de\/index.php?rest_route=%2Fwp%2Fv2%2Fmedia&parent=103"}],"curies":[{"name":"wp","href":"https:\/\/api.w.org\/{rel}","templated":true}]}}