{"id":79,"date":"2020-05-25T15:13:54","date_gmt":"2020-05-25T15:13:54","guid":{"rendered":"http:\/\/apfelsaftstuebl.de\/?page_id=79"},"modified":"2020-08-12T12:16:57","modified_gmt":"2020-08-12T12:16:57","slug":"anfahrt-kontakt","status":"publish","type":"page","link":"https:\/\/apfelsaftstuebl.de\/?page_id=79","title":{"rendered":"Anfahrt \/ Kontakt"},"content":{"rendered":"\n<p style=\"color:#84af17;font-size:18px\" class=\"has-text-color\">Apfelsaft St\u00fcbl GbR<\/p>\n\n\n\n<p class=\"has-text-color has-normal-font-size has-very-dark-gray-color\">Sch\u00f6nauer Stra\u00dfe 51a<br>09221 Neukirchen \/ Erzgebirge<\/p>\n\n\n\n<p>Tel.: 01525\/89 27 372<\/p>\n\n\n\n<p>Mail: info@apfelsaftstuebl.de<\/p>\n\n\n\n<p><\/p>\n\n\n\n<p><strong>Anfahrt aus Richtung Chemnitz <\/strong>\u00fcber Jagdsch\u00e4nkenstra\u00dfe\/Stelzendorfer Stra\u00dfe\/ Neukirchener Stra\u00dfe:                                                                                                                                Abbiegung am Sporthaus &#8222;GP-Sport&#8220; auf die Stelzendorfer Stra\u00dfe Richtung Neukirchen. Am Schild Ortsausgang Chemnitz geht die Stelzendorfer Stra\u00dfe in die Sch\u00f6nauer Stra\u00dfe \u00fcber. Jetzt sind Sie schon fast am Ziel &#8211; auf der rechten Seite, am Feld gelegen, befindet sich etwa 200 m weiter unsere Hofeinfahrt mit Werbeschild.<\/p>\n\n\n\n<p><strong>Anfahrt aus Richtung Neukirchen:   <\/strong>                                                                                                                     Sie folgen der Hauptstra\u00dfe in Neukirchen, \u00fcberqueren ggfls. die Stollberger Stra\u00dfe (Ampelkreuzung) bzw. biegen auf die Hauptstra\u00dfe ab und folgen der Hauptstra\u00dfe in Richtung Chemnitz-Stelzendorf. Dann biegen Sie auf die Sch\u00f6nauer Stra\u00dfe ab, folgen dem Stra\u00dfenverlauf \u00fcber die Felder. Etwa 200 m vor dem Ortseingangsschild Chemnitz (Stelzendorf) befindet sich unsere Hofeinfahrt mit Werbeschild auf der linken Seite.<\/p>\n","protected":false},"excerpt":{"rendered":"<p>Apfelsaft St\u00fcbl GbR Sch\u00f6nauer Stra\u00dfe 51a09221 Neukirchen \/ Erzgebirge Tel.: 01525\/89 27 372 Mail: info@apfelsaftstuebl.de Anfahrt aus Richtung Chemnitz \u00fcber Jagdsch\u00e4nkenstra\u00dfe\/Stelzendorfer Stra\u00dfe\/ Neukirchener Stra\u00dfe: Abbiegung am Sporthaus &#8222;GP-Sport&#8220; auf die Stelzendorfer Stra\u00dfe Richtung Neukirchen. Am Schild Ortsausgang Chemnitz geht die Stelzendorfer Stra\u00dfe in die Sch\u00f6nauer Stra\u00dfe \u00fcber. Jetzt sind Sie schon fast am Ziel &#8211; &hellip; <\/p>\n<p class=\"link-more\"><a href=\"https:\/\/apfelsaftstuebl.de\/?page_id=79\" class=\"more-link\"><span class=\"screen-reader-text\">\u201eAnfahrt \/ Kontakt\u201c<\/span> weiterlesen<\/a><\/p>\n","protected":false},"author":1,"featured_media":0,"parent":0,"menu_order":1,"comment_status":"closed","ping_status":"closed","template":"","meta":{"footnotes":""},"class_list":["post-79","page","type-page","status-publish","hentry"],"_links":{"self":[{"href":"https:\/\/apfelsaftstuebl.de\/index.php?rest_route=\/wp\/v2\/pages\/79","targetHints":{"allow":["GET"]}}],"collection":[{"href":"https:\/\/apfelsaftstuebl.de\/index.php?rest_route=\/wp\/v2\/pages"}],"about":[{"href":"https:\/\/apfelsaftstuebl.de\/index.php?rest_route=\/wp\/v2\/types\/page"}],"author":[{"embeddable":true,"href":"https:\/\/apfelsaftstuebl.de\/index.php?rest_route=\/wp\/v2\/users\/1"}],"replies":[{"embeddable":true,"href":"https:\/\/apfelsaftstuebl.de\/index.php?rest_route=%2Fwp%2Fv2%2Fcomments&post=79"}],"version-history":[{"count":21,"href":"https:\/\/apfelsaftstuebl.de\/index.php?rest_route=\/wp\/v2\/pages\/79\/revisions"}],"predecessor-version":[{"id":297,"href":"https:\/\/apfelsaftstuebl.de\/index.php?rest_route=\/wp\/v2\/pages\/79\/revisions\/297"}],"wp:attachment":[{"href":"https:\/\/apfelsaftstuebl.de\/index.php?rest_route=%2Fwp%2Fv2%2Fmedia&parent=79"}],"curies":[{"name":"wp","href":"https:\/\/api.w.org\/{rel}","templated":true}]}}